{"id":2,"date":"2012-02-13T13:50:49","date_gmt":"2012-02-13T13:50:49","guid":{"rendered":"http:\/\/www.adamsberg.com\/?page_id=2"},"modified":"2022-10-10T12:47:08","modified_gmt":"2022-10-10T11:47:08","slug":"adamsbergs-buffe","status":"publish","type":"page","link":"https:\/\/www.adamsberg.com\/","title":{"rendered":"V\u00e4lkommen till Adamsberg Buff\u00e9 &#8211; catering med utk\u00f6rning"},"content":{"rendered":"<p>Bor du i M\u00e4lardalen och beh\u00f6ver hj\u00e4lp med catering? Vi p\u00e5 Adamsberg har varit verksamma i 20 \u00e5r och \u00e4r flexibla med \u00f6nskem\u00e5l. Du kan v\u00e4nda dig till oss oavsett om det g\u00e4ller ett br\u00f6llop f\u00f6r 150 personer, en tv\u00e5r\u00e4tters middag till disputationsmiddagen, en buff\u00e9 till firmafesten, en trer\u00e4ttersmiddag, en efterr\u00e4tt eller br\u00f6llopst\u00e5rta. <strong>Minsta antal \u00e4r 8 portioner f\u00f6r buff\u00e9er.<\/strong><\/p>\n<p><strong>Menyf\u00f6rslag tv\u00e5r\u00e4tters, eller trer\u00e4tters meny med f\u00f6rr\u00e4tt, huvudr\u00e4tt och efterr\u00e4tt. Minsta antal 2 personer.<\/strong><br \/>\n<strong>Helgmeny\/Festmeny, med veckans erbjudande, s\u00e5 h\u00f6r g\u00e4rna av dig!<\/strong><\/p>\n<p>Kontakta oss s\u00e5 kommer vi fram till n\u00e5got som passar dina behov och din pl\u00e5nbok.<a href=\"http:\/\/www.adamsberg.com\/wp-content\/uploads\/2022\/10\/Elisabeth.jpg\"><img loading=\"lazy\" decoding=\"async\" class=\"wp-image-300 size-medium alignleft\" src=\"http:\/\/www.adamsberg.com\/wp-content\/uploads\/2022\/10\/Elisabeth-225x300.jpg\" alt=\"\" width=\"225\" height=\"300\" srcset=\"https:\/\/www.adamsberg.com\/wp-content\/uploads\/2022\/10\/Elisabeth-225x300.jpg 225w, https:\/\/www.adamsberg.com\/wp-content\/uploads\/2022\/10\/Elisabeth-768x1024.jpg 768w, https:\/\/www.adamsberg.com\/wp-content\/uploads\/2022\/10\/Elisabeth-1152x1536.jpg 1152w, https:\/\/www.adamsberg.com\/wp-content\/uploads\/2022\/10\/Elisabeth.jpg 1536w\" sizes=\"auto, (max-width: 225px) 100vw, 225px\" \/><\/a><\/p>\n<h3>V\u00e5r specialitet \u00e4r matbuff\u00e9er och t\u00e5rtor<\/h3>\n<p>Vi har egen tillverkning av mat och bakverk och anv\u00e4nder lokala r\u00e5varor fr\u00e5n Roslagen och Sverige i m\u00f6jlig utstr\u00e4ckning.<\/p>\n<h3>Kunder i hela M\u00e4lardalen<\/h3>\n<p><a href=\"http:\/\/www.adamsberg.com\/wp-content\/uploads\/2012\/02\/bild_till_sid1.jpg\"><img loading=\"lazy\" decoding=\"async\" class=\"alignright\" title=\"bild_till_sid1\" src=\"http:\/\/www.adamsberg.com\/wp-content\/uploads\/2012\/02\/bild_till_sid1.jpg\" alt=\"\" width=\"175\" height=\"121\" \/><\/a>Vi levererar direkt till din bostad eller festlokal i v\u00e5ra kylbilar. Vi har n\u00f6jda kunder i hela M\u00e4lardalen, t.ex. Rimbo, Uppsala, Norrt\u00e4lje, Stockholm, Vallentuna, Upplands V\u00e4sby, M\u00e4rsta, Sigtuna, \u00c5kerberga. Ring eller maila g\u00e4rna s\u00e5 l\u00e4mnar vi pris p\u00e5 leveransen.<\/p>\n<p>V\u00e4lkommen till bords!<\/p>\n<p><em>Elisabeth Ericson<\/em><\/p>\n","protected":false},"excerpt":{"rendered":"<p>Bor du i M\u00e4lardalen och beh\u00f6ver hj\u00e4lp med catering? Vi p\u00e5 Adamsberg har varit verksamma i 20 \u00e5r och \u00e4r flexibla med \u00f6nskem\u00e5l. Du kan v\u00e4nda dig till oss oavsett om det g\u00e4ller ett br\u00f6llop f\u00f6r 150 personer, en tv\u00e5r\u00e4tters &hellip; <a href=\"https:\/\/www.adamsberg.com\/\">Forts\u00e4tt l\u00e4sa <span class=\"meta-nav\">&rarr;<\/span><\/a><\/p>\n","protected":false},"author":1,"featured_media":0,"parent":0,"menu_order":0,"comment_status":"closed","ping_status":"open","template":"","meta":{"footnotes":""},"class_list":["post-2","page","type-page","status-publish","hentry"],"_links":{"self":[{"href":"https:\/\/www.adamsberg.com\/index.php?rest_route=\/wp\/v2\/pages\/2","targetHints":{"allow":["GET"]}}],"collection":[{"href":"https:\/\/www.adamsberg.com\/index.php?rest_route=\/wp\/v2\/pages"}],"about":[{"href":"https:\/\/www.adamsberg.com\/index.php?rest_route=\/wp\/v2\/types\/page"}],"author":[{"embeddable":true,"href":"https:\/\/www.adamsberg.com\/index.php?rest_route=\/wp\/v2\/users\/1"}],"replies":[{"embeddable":true,"href":"https:\/\/www.adamsberg.com\/index.php?rest_route=%2Fwp%2Fv2%2Fcomments&post=2"}],"version-history":[{"count":20,"href":"https:\/\/www.adamsberg.com\/index.php?rest_route=\/wp\/v2\/pages\/2\/revisions"}],"predecessor-version":[{"id":303,"href":"https:\/\/www.adamsberg.com\/index.php?rest_route=\/wp\/v2\/pages\/2\/revisions\/303"}],"wp:attachment":[{"href":"https:\/\/www.adamsberg.com\/index.php?rest_route=%2Fwp%2Fv2%2Fmedia&parent=2"}],"curies":[{"name":"wp","href":"https:\/\/api.w.org\/{rel}","templated":true}]}}