{"id":20,"date":"2012-02-13T15:29:04","date_gmt":"2012-02-13T14:29:04","guid":{"rendered":"http:\/\/www.adamsberg.com\/?page_id=20"},"modified":"2022-10-10T12:49:57","modified_gmt":"2022-10-10T11:49:57","slug":"buffeer","status":"publish","type":"page","link":"https:\/\/www.adamsberg.com\/?page_id=20","title":{"rendered":"Buff\u00e9er"},"content":{"rendered":"<p>V\u00e5r stora specialitet \u00e4r buff\u00e9er. Vi har buff\u00e9er med fisk och skaldjur, viltk\u00f6tt, gris och n\u00f6tk\u00f6tt med r\u00e5varor fr\u00e5n Roslagen, matpajer, sallader och sm\u00f6rg\u00e5st\u00e5rtor.<\/p>\n<p>Nedan hittar du exempel p\u00e5 v\u00e5ra buff\u00e9er. Hittar du inte n\u00e5gon buff\u00e9 som passar komponerar vi g\u00e4rna en speciell buff\u00e9 efter dina \u00f6nskem\u00e5l. Om du vill ha f\u00f6rslag p\u00e5 kompletta menyer med f\u00f6rr\u00e4tt, huvudr\u00e4tt och efterr\u00e4tt, titta p\u00e5 v\u00e5r sida med <a title=\"Festmenyer\" href=\"http:\/\/www.adamsberg.com\/?page_id=26\">menyf\u00f6rslag<\/a>.<\/p>\n<p><a href=\"http:\/\/www.adamsberg.com\/wp-content\/uploads\/2022\/10\/Matbord.jpg\"><img loading=\"lazy\" decoding=\"async\" class=\"wp-image-304 size-medium aligncenter\" src=\"http:\/\/www.adamsberg.com\/wp-content\/uploads\/2022\/10\/Matbord-225x300.jpg\" alt=\"\" width=\"225\" height=\"300\" srcset=\"https:\/\/www.adamsberg.com\/wp-content\/uploads\/2022\/10\/Matbord-225x300.jpg 225w, https:\/\/www.adamsberg.com\/wp-content\/uploads\/2022\/10\/Matbord-768x1024.jpg 768w, https:\/\/www.adamsberg.com\/wp-content\/uploads\/2022\/10\/Matbord-1152x1536.jpg 1152w, https:\/\/www.adamsberg.com\/wp-content\/uploads\/2022\/10\/Matbord.jpg 1536w\" sizes=\"auto, (max-width: 225px) 100vw, 225px\" \/><\/a><\/p>\n<div align=\"center\">\n<p><strong>Observera att buff\u00e9erna inte \u00e4r sorterade i prisordning.<\/strong><\/p>\n<hr width=\"120\" \/>\n<h3>Buff\u00e9 1<\/h3>\n<p>\u00d6rtmarinerade kycklingbr\u00f6st med soltorkade tomater<br \/>\nFlatr\u00f6kt skinka med melon<br \/>\nPastasallad med pestovinegrette, r\u00f6dl\u00f6k, fetaost och oliver<br \/>\nPotatissallad med purjol\u00f6k<br \/>\nMixad gr\u00f6nsallad och \u00f6rts\u00e5s<br \/>\nKuvertbr\u00f6d, h\u00e4llbr\u00f6d, sm\u00f6r och ost<\/p>\n<p>Pris: 195 kr\/person<\/p>\n<hr width=\"120\" \/>\n<h3>Buff\u00e9 2<\/h3>\n<p>Marinerade kycklingklubbor med folie<br \/>\nSkinkpaj med broccoli och ost<br \/>\nKr\u00e4mig pastasallad med lax och r\u00f6dl\u00f6k<br \/>\nPotatissallad med purjol\u00f6k<br \/>\nMixad gr\u00f6nsallad med dressing<br \/>\nKuvertbr\u00f6d, h\u00e4llbr\u00f6d, sm\u00f6r och ost<\/p>\n<p>Pris: 195 kr\/person<\/p>\n<hr width=\"120\" \/>\n<h3>Buff\u00e9 3<\/h3>\n<p>Laxmousse med lax, \u00e4gg, rom,\u00a0dill och citron<br \/>\nMarinerade kycklingbr\u00f6st med soltorkade tomater<br \/>\nOst- och gr\u00f6nsakslasagne med &#8221;sting&#8221;<br \/>\nK\u00f6ttf\u00e4rspaj med paprika och ost<br \/>\nPotatissallad med purjol\u00f6k<br \/>\nTomatsallad med fetaost och oliver<br \/>\nMixad gr\u00f6nsallad och dressing<br \/>\nKuvertbr\u00f6d, h\u00e4llbr\u00f6d, sm\u00f6r och ost<\/p>\n<p>Pris: 225 kr\/person<\/p>\n<hr width=\"120\" \/>\n<h3>Buff\u00e9 4<\/h3>\n<p>Fiskpat\u00e9 med \u00e4gg,\u00a0skaldjur och citron<br \/>\n\u00d6rtmarinerad rostbiff med syltl\u00f6k<br \/>\nKycklingsallad<br \/>\nKr\u00e4mig pastasallad med lax och r\u00f6dl\u00f6k<br \/>\nPotatissallad med purjol\u00f6k<br \/>\nTomatsallad med fetaost och oliver<br \/>\nMixad gr\u00f6nsallad och \u00f6rts\u00e5s<br \/>\nKuvertbr\u00f6d, h\u00e4llbr\u00f6d, sm\u00f6r och ost<\/p>\n<p>Pris: 225 kr\/person<\/p>\n<hr width=\"120\" \/>\n<h3>Buff\u00e9 5a<\/h3>\n<p>Sm\u00f6rg\u00e5st\u00e5rta med skaldjur och r\u00f6kt lax<br \/>\nSm\u00f6rg\u00e5st\u00e5rta med r\u00e4kor och skinka<br \/>\nFruktfat<br \/>\nChokladt\u00e5rta och sk\u00e5l med gr\u00e4dde<\/p>\n<p>Pris: 150 kr\/person<\/p>\n<hr width=\"120\" \/>\n<h3>Buff\u00e9 5b<br \/>\n&#8221;till mingelpartyt&#8221;<\/h3>\n<p>Sm\u00f6rg\u00e5st\u00e5rta med skaldjur och r\u00f6kt lax<br \/>\nSm\u00f6rg\u00e5st\u00e5rta med r\u00e4kor och skinka<br \/>\nSm\u00e5plock: sm\u00f6rdegsinbakade oliver,<br \/>\nsnittar med ostkr\u00e4m, baconrullar p\u00e5 pinne,<br \/>\nminitomater med mozarella p\u00e5 pinne,<br \/>\nFruktfat<\/p>\n<p>Pris: 175 kr\/person<\/p>\n<hr width=\"120\" \/>\n<h3>Buff\u00e9 6<br \/>\n&#8221;Kalasbuff\u00e9&#8221;<\/h3>\n<p>Laxmousse med lax, \u00e4gg och\u00a0dill<br \/>\n\u00d6rtmarinerad rostbiff och potatissallad<br \/>\nFlatr\u00f6kt skinka med syltl\u00f6k<br \/>\nMixad gr\u00f6nsallad och \u00f6rts\u00e5s<br \/>\nKycklingsallad<br \/>\nTomatsallad med fetaost<br \/>\nKr\u00e4mig pastasallad med \u00e4delost<br \/>\nGr\u00f6nsakspaj<br \/>\nKuvertbr\u00f6d, h\u00e4llbr\u00f6d, kex, ost, sm\u00f6r, brieost och fruktfat<br \/>\nPrinsesst\u00e5rta<\/p>\n<p>Pris: 275 kr\/person<\/p>\n<hr width=\"120\" \/>\n<h3>Buff\u00e9 7<br \/>\n&#8221;Roslagsbuff\u00e9&#8221;<\/h3>\n<p>Gravad lax med senaps\u00e5s, dill och citron<br \/>\nFiskpat\u00e9 med skaldjur och roms\u00e5s<br \/>\nMarinerade kycklingbr\u00f6st med soltorkade tomater<br \/>\nSkaldjurspaj med v\u00e4sterbottenbost<br \/>\nPastasallad med pestovinegrette, r\u00f6dl\u00f6k, fetaost &amp; oliver<br \/>\nPotatissallad \/ eller \/ potatisgrat\u00e4ng<br \/>\nMixad gr\u00f6nsallad<br \/>\nKuvertbr\u00f6d, h\u00e4llbr\u00f6d, sm\u00f6r, kex, ost och brieost<br \/>\nChokladt\u00e5rta med gr\u00e4dde och fruktfat<\/p>\n<p>Pris: 275 kr\/person<\/p>\n<hr width=\"120\" \/>\n<h3>Buff\u00e9 8<br \/>\n&#8221;Kungsbuff\u00e9&#8221;<\/h3>\n<p>Laxmousse med inkokt lax, \u00e4gg, dill och citron<br \/>\nFl\u00e4skfil\u00e9 med soltorkade tomater<br \/>\nPastasallad med marinerade skaldjur<br \/>\nSalami och flatr\u00f6kt skinka<br \/>\nMixad gr\u00f6nsallad och \u00f6rts\u00e5s<br \/>\nTomatsallad med fetaost och oliver<br \/>\nPotatissallad \/ eller \/ potatisgrat\u00e4ng<br \/>\nKuvertbr\u00f6d, h\u00e4llbr\u00f6d, sm\u00f6r, kex, ost, brieost och fruktfat<br \/>\nCarl-Gustavt\u00e5rta<\/p>\n<p>Pris: 275 kr\/person<\/p>\n<hr width=\"120\" \/>\n<h3>Buff\u00e9 9<br \/>\n&#8221;herrg\u00e5rdsbuff\u00e9&#8221;<\/h3>\n<p>Gravad\u00a0lax med senaps\u00e5s<br \/>\n\u00d6rtmarinerad stek med svamps\u00e5s<br \/>\nSm\u00e5 pannbiffar<br \/>\nFlatr\u00f6kt skinka<br \/>\nViltpat\u00e9 med cumberlands\u00e5s<br \/>\nMixad gr\u00f6nsallad<br \/>\nSallad med gr\u00f6na b\u00f6nor och dressing<br \/>\nPotatissallad \/ eller \/ potatisgrat\u00e4ng<br \/>\nKuvertbr\u00f6d, h\u00e4llbr\u00f6d, kex, sm\u00f6r, ost, brieost och fruktfat<br \/>\nPassionspannacotta med b\u00e4rs\u00e5s<\/p>\n<p>Pris: 295 kr\/person<\/p>\n<hr width=\"120\" \/>\n<h3>Buff\u00e9 10<br \/>\n&#8221;Amerikabuff\u00e9&#8221;<\/h3>\n<p>Fiskpat\u00e9 med dill och skaldjur<br \/>\nMarinerad kycklingbr\u00f6st med soltorkade tomater<br \/>\n\u00d6rtmarinerad fl\u00e4skfil\u00e9<br \/>\nRostbiff med syltk\u00f6k<br \/>\nBroccolipat\u00e9 och \u00f6rts\u00e5s<br \/>\nTomatsallad med r\u00f6dl\u00f6k, oliver och fetaost<br \/>\nWaldorfsallad och mixad gr\u00f6nsallad<br \/>\nPotatissallad med fransk vinegrettedressing<br \/>\nKuvertbr\u00f6d, h\u00e4llbr\u00f6d, kex, sm\u00f6r, ost, brieost och fruktfat<br \/>\nCheesecake med citron<\/p>\n<p>Pris: 295 kr\/person<\/p>\n<hr width=\"120\" \/>\n<h3>Buff\u00e9 11<br \/>\n&#8221;smaker fr\u00e5n det italienska k\u00f6ket&#8221;<\/h3>\n<p>Insalata caprese &#8211; tomatsallad med fetaost, r\u00f6dl\u00f6k och svarta oliver<br \/>\nItaliensk salami, \u00f6rts\u00e5s och mixad gr\u00f6nsallad<br \/>\nPrescuittu e melone &#8211; flatr\u00f6kt skinka, melon och kiwi<br \/>\nMarinerade kycklingbr\u00f6st med soltorkade tomater<br \/>\nPastasallad med pestovinegrette och r\u00f6dl\u00f6k<br \/>\nPotatissallad med purjol\u00f6k<br \/>\nMelantzane alla parmigiana &#8211; gr\u00f6nsakspaj med parmesanost<br \/>\nItalienskt lantbr\u00f6d, h\u00e4llbr\u00f6d, kex, sm\u00f6r, ost och brieost<\/p>\n<p>Pris: 255 kr\/person<\/p>\n<hr width=\"120\" \/>\n<h3>Buff\u00e9 12<br \/>\n&#8221;Festbuff\u00e9&#8221;<\/h3>\n<p>Ugnsbakad\u00a0lax med\u00a0citronpeppar<br \/>\nSkaldjurspaj med v\u00e4sterbottenost<br \/>\n\u00d6rtmarinerad kycklingbr\u00f6st med soltorkade tomater<br \/>\nPotatissallad med purjol\u00f6k \/ eller \/ potatisgrat\u00e4ng<br \/>\nOst- och gr\u00f6nsakslasagne med &#8221;sting&#8221;<br \/>\nTomatsallad med r\u00f6dl\u00f6k, fetaost och oliver<br \/>\nMixad gr\u00f6nsallad och \u00f6rts\u00e5s<br \/>\nKuvertbr\u00f6d, h\u00e4llbr\u00f6d, kex, sm\u00f6r, ost, brieost och fruktfat<\/p>\n<p>Pris: 255 kr\/person<\/p>\n<hr width=\"120\" \/>\n<h3>Buff\u00e9 13<\/h3>\n<p>Fiskpat\u00e9 med skaldjur och\u00a0roms\u00e5s<br \/>\nLaxpaj med spenat och fetaost<br \/>\n\u00d6rtmarinerad fl\u00e4skfil\u00e9 med soltorkade tomater<br \/>\nChampinjon &amp; paprikasallad, med vitl\u00f6ksvinegrette<br \/>\nPotatissallad med purjol\u00f6k \/ eller \/ Potatisgrat\u00e4ng<br \/>\nKr\u00e4mig pastasallad med \u00e4delost<br \/>\nMixad gr\u00f6nsallad och basilikas\u00e5s<br \/>\nKuvertbr\u00f6d, h\u00e4llbr\u00f6d, kex, sm\u00f6r, ost, brieost och fruktfat<\/p>\n<p>Pris: 255 kr\/person<\/p>\n<hr width=\"120\" \/>\n<h3>Buff\u00e9 14<br \/>\n&#8221;Sm\u00f6rg\u00e5sbordet&#8221;<\/h3>\n<p>Inlagd l\u00f6ksill och currysill med\u00a0Kokt potatis<br \/>\nJanssonsFrestelse<br \/>\nDekorerade \u00e4gghalvor p\u00e5 gr\u00f6nb\u00e4dd<br \/>\nGravad\u00a0lax med senaps\u00e5s<br \/>\nSkivad skinka och senap<br \/>\nPrinskorv och k\u00f6ttbullar<br \/>\nMixad gr\u00f6nsallad och \u00f6rts\u00e5s<br \/>\nBroccoligrat\u00e4ng\u00a0med ost<br \/>\nKuvertbr\u00f6d, h\u00e4llbr\u00f6d, kex, sm\u00f6r, ost, brieost och fruktfat<\/p>\n<p>Pris: 275 kr\/person<\/p>\n<hr width=\"120\" \/>\n<h3>Buff\u00e9 15<\/h3>\n<p>Varmr\u00f6kt lax, dill och citron<br \/>\n\u00d6rtmarinerad fl\u00e4skfil\u00e9 med soltorkade tomater<br \/>\nMarinerade kycklingklubbor med folie<br \/>\nTomatsallad med mozzarella, r\u00f6dl\u00f6k och \u00f6rter<br \/>\nPastasallad med&#8221;sting&#8221; och skaldjur<br \/>\nPotatissallad med purjol\u00f6k<br \/>\n\u00d6rts\u00e5s och mixad gr\u00f6nsallad<br \/>\nBaguette med inbakad fetaost, soltorkade tomater och oliver<br \/>\nH\u00e4llbr\u00f6d, kex, sm\u00f6r ost, brieost och fruktfat<\/p>\n<p>Pris: 275 kr\/person<\/p>\n<hr width=\"120\" \/>\n<h3>Buff\u00e9 16<br \/>\n&#8221;Husfruns buff\u00e9&#8221;<\/h3>\n<p>\u00d6rtmarinerad rostbiff med champinjons\u00e5s<br \/>\nSm\u00e5 pannbiffar och syltl\u00f6k<br \/>\nUgnsbakad gr\u00f6npepparlax<br \/>\nGr\u00f6na b\u00f6nor och morosstavar<br \/>\nRotfrukts- \/ potatisgrat\u00e4ng<br \/>\nMixad gr\u00f6nsallad och gel\u00e9<br \/>\nKuvertbr\u00f6d, h\u00e4llbr\u00f6d, kex, brieost, sm\u00f6r och ost<br \/>\nFruktpaj med vaniljgr\u00e4dde<\/p>\n<p>Pris: 275 kr\/person<\/p>\n<hr width=\"120\" \/>\n<h3>Buff\u00e9 17<\/h3>\n<p>\u00d6rtmarinerad kycklingbr\u00f6st med soltorkade tomater<br \/>\nKr\u00e4mig pastasallad med lax och r\u00f6dl\u00f6k<br \/>\nPotatissallad med purjol\u00f6k<br \/>\nMixad gr\u00f6nsallad med dressing<br \/>\nKuvertbr\u00f6d, h\u00e4llbr\u00f6d, sm\u00f6r och ost<\/p>\n<p>Pris: 195 kr\/person<\/p>\n<hr width=\"120\" \/>\n<h3>Buff\u00e9 18<\/h3>\n<p>\u00d6rtmarinerade kycklingbr\u00f6st med soltorkade tomater<br \/>\nPastasallad med skinka, r\u00f6dl\u00f6k, fetaost och oliver<br \/>\nPotatissallad med purjol\u00f6k<br \/>\nMixad gr\u00f6nsallad och \u00f6rts\u00e5s<br \/>\nKuvertbr\u00f6d, h\u00e4llbr\u00f6d, sm\u00f6r och ost<\/p>\n<p>Pris: 195 kr\/person<\/p>\n<hr width=\"120\" \/>\n<h3>Buff\u00e9 19<\/h3>\n<p>\u00d6rtmarinerad rostbiff med syltl\u00f6k<br \/>\nPastasallad med kyckling<br \/>\nPotatissallad med purlol\u00f6k<br \/>\nMixad gr\u00f6nsallad och \u00f6rts\u00e5s<br \/>\nKuvertbr\u00f6d, h\u00e4llbr\u00f6d, sm\u00f6r och ost<\/p>\n<p>Pris 195 kr\/person<\/p>\n<hr width=\"120\" \/>\n<h3>Buff\u00e9 20<\/h3>\n<p>Marinerad fl\u00e4skfil\u00e9 med soltorkade\u00a0tomater<br \/>\nBroccoligrat\u00e4ng med ost och ros\u00e9peppars\u00e5s<br \/>\nKlyftpotatis, Mixad sallad och dressing<br \/>\nKuverbr\u00f6d, h\u00e4llbr\u00f6d, sm\u00f6r och ost<\/p>\n<p>Pris: 225 kr\/person<\/p>\n<\/div>\n<div id=\"moms\">\n<p><em>Moms ing\u00e5r i alla priser. Samtliga priser \u00e4r per person om ej annat anges.<\/em><\/p>\n<\/div>\n","protected":false},"excerpt":{"rendered":"<p>V\u00e5r stora specialitet \u00e4r buff\u00e9er. Vi har buff\u00e9er med fisk och skaldjur, viltk\u00f6tt, gris och n\u00f6tk\u00f6tt med r\u00e5varor fr\u00e5n Roslagen, matpajer, sallader och sm\u00f6rg\u00e5st\u00e5rtor. Nedan hittar du exempel p\u00e5 v\u00e5ra buff\u00e9er. Hittar du inte n\u00e5gon buff\u00e9 som passar komponerar vi &hellip; <a href=\"https:\/\/www.adamsberg.com\/?page_id=20\">Forts\u00e4tt l\u00e4sa <span class=\"meta-nav\">&rarr;<\/span><\/a><\/p>\n","protected":false},"author":1,"featured_media":0,"parent":0,"menu_order":0,"comment_status":"closed","ping_status":"closed","template":"","meta":{"footnotes":""},"class_list":["post-20","page","type-page","status-publish","hentry"],"_links":{"self":[{"href":"https:\/\/www.adamsberg.com\/index.php?rest_route=\/wp\/v2\/pages\/20","targetHints":{"allow":["GET"]}}],"collection":[{"href":"https:\/\/www.adamsberg.com\/index.php?rest_route=\/wp\/v2\/pages"}],"about":[{"href":"https:\/\/www.adamsberg.com\/index.php?rest_route=\/wp\/v2\/types\/page"}],"author":[{"embeddable":true,"href":"https:\/\/www.adamsberg.com\/index.php?rest_route=\/wp\/v2\/users\/1"}],"replies":[{"embeddable":true,"href":"https:\/\/www.adamsberg.com\/index.php?rest_route=%2Fwp%2Fv2%2Fcomments&post=20"}],"version-history":[{"count":19,"href":"https:\/\/www.adamsberg.com\/index.php?rest_route=\/wp\/v2\/pages\/20\/revisions"}],"predecessor-version":[{"id":305,"href":"https:\/\/www.adamsberg.com\/index.php?rest_route=\/wp\/v2\/pages\/20\/revisions\/305"}],"wp:attachment":[{"href":"https:\/\/www.adamsberg.com\/index.php?rest_route=%2Fwp%2Fv2%2Fmedia&parent=20"}],"curies":[{"name":"wp","href":"https:\/\/api.w.org\/{rel}","templated":true}]}}