{"id":34,"date":"2012-02-13T15:39:20","date_gmt":"2012-02-13T14:39:20","guid":{"rendered":"http:\/\/www.adamsberg.com\/?page_id=34"},"modified":"2020-10-22T13:09:24","modified_gmt":"2020-10-22T12:09:24","slug":"tilltugg-och-drycker","status":"publish","type":"page","link":"https:\/\/www.adamsberg.com\/?page_id=34","title":{"rendered":"Tilltugg och drycker"},"content":{"rendered":"<table width=\"461\">\n<tbody>\n<tr>\n<td>Kaffe\/te, mj\u00f6lk och socker<\/td>\n<td>\n<div align=\"right\">24 kr\/person<\/div>\n<\/td>\n<\/tr>\n<tr>\n<td>Loka, l\u00e4tt\u00f6l<\/td>\n<td>\n<div align=\"right\">24 kr\/st<\/div>\n<\/td>\n<\/tr>\n<\/tbody>\n<\/table>\n<table width=\"461\">\n<tbody>\n<tr>\n<td>Blandat fruktfat<\/td>\n<td>\n<div align=\"right\">24 kr\/person<\/div>\n<\/td>\n<\/tr>\n<\/tbody>\n<\/table>\n<table border=\"0\" width=\"90%\" cellspacing=\"0\" cellpadding=\"5\" bgcolor=\"#ffcccc\">\n<tbody>\n<tr>\n<td>\n<div>Snittar<\/div>\n<\/td>\n<\/tr>\n<\/tbody>\n<\/table>\n<table width=\"461\">\n<tbody>\n<tr>\n<td>Skagenr\u00f6ra med r\u00e4kor p\u00e5 ljust br\u00f6d<\/td>\n<td>\n<div align=\"right\">20 kr\/st<\/div>\n<\/td>\n<\/tr>\n<tr>\n<td>R\u00f6kt lax med pepparrotskr\u00e4m<\/td>\n<td>\n<div align=\"right\">20 kr\/st<\/div>\n<\/td>\n<\/tr>\n<tr>\n<td>Ostkr\u00e4m p\u00e5 m\u00f6rkt br\u00f6d med r\u00e4disa<\/td>\n<td>\n<div align=\"right\">20 kr\/st<\/div>\n<\/td>\n<\/tr>\n<tr>\n<td>Stubbe med r\u00f6kt k\u00f6tt och pepparrotskr\u00e4m<\/td>\n<td>\n<div align=\"right\">20 kr\/st<\/div>\n<\/td>\n<\/tr>\n<tr>\n<td>\u00c4delostkr\u00e4m i krustad med oliv<\/td>\n<td>\n<div align=\"right\">20 kr\/st<\/div>\n<\/td>\n<\/tr>\n<tr>\n<td>K\u00f6rsb\u00e4rstomat med mozzarella p\u00e5 pinne<\/td>\n<td>\n<div align=\"right\">20 kr\/st<\/div>\n<\/td>\n<\/tr>\n<tr>\n<td>Baconrulle p\u00e5 pinne<\/td>\n<td>\n<div align=\"right\">20 kr\/st<\/div>\n<\/td>\n<\/tr>\n<tr>\n<td>Inbakade oliver &amp; inbakade fetaostbollar 2 sorter<\/td>\n<td>\n<div align=\"right\">20 kr\/st<\/div>\n<\/td>\n<\/tr>\n<\/tbody>\n<\/table>\n<div id=\"moms\">\n<p><em>Moms ing\u00e5r i alla priser. Samtliga priser \u00e4r per person om ej annat anges.<\/em><\/p>\n<\/div>\n","protected":false},"excerpt":{"rendered":"<p>Kaffe\/te, mj\u00f6lk och socker 24 kr\/person Loka, l\u00e4tt\u00f6l 24 kr\/st Blandat fruktfat 24 kr\/person Snittar Skagenr\u00f6ra med r\u00e4kor p\u00e5 ljust br\u00f6d 20 kr\/st R\u00f6kt lax med pepparrotskr\u00e4m 20 kr\/st Ostkr\u00e4m p\u00e5 m\u00f6rkt br\u00f6d med r\u00e4disa 20 kr\/st Stubbe med r\u00f6kt &hellip; <a href=\"https:\/\/www.adamsberg.com\/?page_id=34\">Forts\u00e4tt l\u00e4sa <span class=\"meta-nav\">&rarr;<\/span><\/a><\/p>\n","protected":false},"author":1,"featured_media":0,"parent":0,"menu_order":0,"comment_status":"closed","ping_status":"open","template":"","meta":{"footnotes":""},"class_list":["post-34","page","type-page","status-publish","hentry"],"_links":{"self":[{"href":"https:\/\/www.adamsberg.com\/index.php?rest_route=\/wp\/v2\/pages\/34","targetHints":{"allow":["GET"]}}],"collection":[{"href":"https:\/\/www.adamsberg.com\/index.php?rest_route=\/wp\/v2\/pages"}],"about":[{"href":"https:\/\/www.adamsberg.com\/index.php?rest_route=\/wp\/v2\/types\/page"}],"author":[{"embeddable":true,"href":"https:\/\/www.adamsberg.com\/index.php?rest_route=\/wp\/v2\/users\/1"}],"replies":[{"embeddable":true,"href":"https:\/\/www.adamsberg.com\/index.php?rest_route=%2Fwp%2Fv2%2Fcomments&post=34"}],"version-history":[{"count":6,"href":"https:\/\/www.adamsberg.com\/index.php?rest_route=\/wp\/v2\/pages\/34\/revisions"}],"predecessor-version":[{"id":286,"href":"https:\/\/www.adamsberg.com\/index.php?rest_route=\/wp\/v2\/pages\/34\/revisions\/286"}],"wp:attachment":[{"href":"https:\/\/www.adamsberg.com\/index.php?rest_route=%2Fwp%2Fv2%2Fmedia&parent=34"}],"curies":[{"name":"wp","href":"https:\/\/api.w.org\/{rel}","templated":true}]}}