{"id":38,"date":"2012-02-13T15:40:16","date_gmt":"2012-02-13T14:40:16","guid":{"rendered":"http:\/\/www.adamsberg.com\/?page_id=38"},"modified":"2022-10-10T12:54:51","modified_gmt":"2022-10-10T11:54:51","slug":"tartor-desserter","status":"publish","type":"page","link":"https:\/\/www.adamsberg.com\/?page_id=38","title":{"rendered":"T\u00e5rtor &#038; desserter"},"content":{"rendered":"<p><a href=\"http:\/\/www.adamsberg.com\/wp-content\/uploads\/2022\/10\/Narbild-prinsesstarta.jpg\"><img loading=\"lazy\" decoding=\"async\" class=\"wp-image-306 size-medium alignnone\" title=\"tarta1\" src=\"http:\/\/www.adamsberg.com\/wp-content\/uploads\/2022\/10\/Narbild-prinsesstarta-225x300.jpg\" alt=\"\" width=\"225\" height=\"300\" srcset=\"https:\/\/www.adamsberg.com\/wp-content\/uploads\/2022\/10\/Narbild-prinsesstarta-225x300.jpg 225w, https:\/\/www.adamsberg.com\/wp-content\/uploads\/2022\/10\/Narbild-prinsesstarta-768x1024.jpg 768w, https:\/\/www.adamsberg.com\/wp-content\/uploads\/2022\/10\/Narbild-prinsesstarta-1152x1536.jpg 1152w, https:\/\/www.adamsberg.com\/wp-content\/uploads\/2022\/10\/Narbild-prinsesstarta.jpg 1536w\" sizes=\"auto, (max-width: 225px) 100vw, 225px\" \/><\/a><\/p>\n<ul>\n<li><a title=\"Br\u00f6llopst\u00e5rtor\" href=\"http:\/\/www.adamsberg.com\/?page_id=40\">Br\u00f6llopst\u00e5rtor<\/a><\/li>\n<li><a title=\"T\u00e5rtor\" href=\"http:\/\/www.adamsberg.com\/?page_id=42\">T\u00e5rtor<\/a><\/li>\n<li><a title=\"Desserter\" href=\"http:\/\/www.adamsberg.com\/?page_id=44\">Desserter<\/a><\/li>\n<\/ul>\n<p style=\"text-align: center;\"><a href=\"http:\/\/www.adamsberg.com\/wp-content\/uploads\/2022\/10\/Prinsesstarta.jpg\"><img loading=\"lazy\" decoding=\"async\" class=\"alignnone wp-image-308 size-medium\" src=\"http:\/\/www.adamsberg.com\/wp-content\/uploads\/2022\/10\/Prinsesstarta-225x300.jpg\" alt=\"\" width=\"225\" height=\"300\" srcset=\"https:\/\/www.adamsberg.com\/wp-content\/uploads\/2022\/10\/Prinsesstarta-225x300.jpg 225w, https:\/\/www.adamsberg.com\/wp-content\/uploads\/2022\/10\/Prinsesstarta-768x1024.jpg 768w, https:\/\/www.adamsberg.com\/wp-content\/uploads\/2022\/10\/Prinsesstarta-1152x1536.jpg 1152w, https:\/\/www.adamsberg.com\/wp-content\/uploads\/2022\/10\/Prinsesstarta.jpg 1536w\" sizes=\"auto, (max-width: 225px) 100vw, 225px\" \/><\/a><\/p>\n","protected":false},"excerpt":{"rendered":"<p>Br\u00f6llopst\u00e5rtor T\u00e5rtor Desserter<\/p>\n","protected":false},"author":1,"featured_media":0,"parent":0,"menu_order":0,"comment_status":"closed","ping_status":"open","template":"","meta":{"footnotes":""},"class_list":["post-38","page","type-page","status-publish","hentry"],"_links":{"self":[{"href":"https:\/\/www.adamsberg.com\/index.php?rest_route=\/wp\/v2\/pages\/38","targetHints":{"allow":["GET"]}}],"collection":[{"href":"https:\/\/www.adamsberg.com\/index.php?rest_route=\/wp\/v2\/pages"}],"about":[{"href":"https:\/\/www.adamsberg.com\/index.php?rest_route=\/wp\/v2\/types\/page"}],"author":[{"embeddable":true,"href":"https:\/\/www.adamsberg.com\/index.php?rest_route=\/wp\/v2\/users\/1"}],"replies":[{"embeddable":true,"href":"https:\/\/www.adamsberg.com\/index.php?rest_route=%2Fwp%2Fv2%2Fcomments&post=38"}],"version-history":[{"count":10,"href":"https:\/\/www.adamsberg.com\/index.php?rest_route=\/wp\/v2\/pages\/38\/revisions"}],"predecessor-version":[{"id":311,"href":"https:\/\/www.adamsberg.com\/index.php?rest_route=\/wp\/v2\/pages\/38\/revisions\/311"}],"wp:attachment":[{"href":"https:\/\/www.adamsberg.com\/index.php?rest_route=%2Fwp%2Fv2%2Fmedia&parent=38"}],"curies":[{"name":"wp","href":"https:\/\/api.w.org\/{rel}","templated":true}]}}