{"id":42,"date":"2012-02-13T15:41:43","date_gmt":"2012-02-13T14:41:43","guid":{"rendered":"http:\/\/www.adamsberg.com\/?page_id=42"},"modified":"2022-11-09T10:02:22","modified_gmt":"2022-11-09T09:02:22","slug":"tartor","status":"publish","type":"page","link":"https:\/\/www.adamsberg.com\/?page_id=42","title":{"rendered":"T\u00e5rtor och Sm\u00f6rg\u00e5st\u00e5rtor"},"content":{"rendered":"<p>T\u00e5rtorna har 12-14 bitar om ej annat anges.<\/p>\n<p><a href=\"http:\/\/www.adamsberg.com\/wp-content\/uploads\/2022\/11\/fodelsdag.jpg\"><img loading=\"lazy\" decoding=\"async\" class=\"alignnone wp-image-321 size-medium\" src=\"http:\/\/www.adamsberg.com\/wp-content\/uploads\/2022\/11\/fodelsdag-225x300.jpg\" alt=\"\" width=\"225\" height=\"300\" srcset=\"https:\/\/www.adamsberg.com\/wp-content\/uploads\/2022\/11\/fodelsdag-225x300.jpg 225w, https:\/\/www.adamsberg.com\/wp-content\/uploads\/2022\/11\/fodelsdag-768x1024.jpg 768w, https:\/\/www.adamsberg.com\/wp-content\/uploads\/2022\/11\/fodelsdag.jpg 1125w\" sizes=\"auto, (max-width: 225px) 100vw, 225px\" \/><\/a><a href=\"http:\/\/www.adamsberg.com\/wp-content\/uploads\/2022\/11\/passionsfruktstarta.jpg\">\u00a0 \u00a0 \u00a0 \u00a0 \u00a0 \u00a0 \u00a0 \u00a0 \u00a0 \u00a0 \u00a0<img loading=\"lazy\" decoding=\"async\" class=\"alignnone size-medium wp-image-332\" src=\"http:\/\/www.adamsberg.com\/wp-content\/uploads\/2022\/11\/passionsfruktstarta-225x300.jpg\" alt=\"\" width=\"225\" height=\"300\" srcset=\"https:\/\/www.adamsberg.com\/wp-content\/uploads\/2022\/11\/passionsfruktstarta-225x300.jpg 225w, https:\/\/www.adamsberg.com\/wp-content\/uploads\/2022\/11\/passionsfruktstarta-768x1024.jpg 768w, https:\/\/www.adamsberg.com\/wp-content\/uploads\/2022\/11\/passionsfruktstarta.jpg 1125w\" sizes=\"auto, (max-width: 225px) 100vw, 225px\" \/><\/a><\/p>\n<p>Pris per t\u00e5rta.<\/p>\n<table width=\"461\">\n<tbody>\n<tr>\n<td>Prinsesst\u00e5rta med hallonsylt<\/td>\n<td>255 kr<\/td>\n<\/tr>\n<tr>\n<td>Student \/Dop\/F\u00f6delsedag m. namn\u00a0Prinsesst\u00e5rta<\/td>\n<td>285 kr<\/td>\n<\/tr>\n<tr>\n<td>Chokladt\u00e5rta med chokladkr\u00e4m och gr\u00e4ddsk\u00e5l<\/td>\n<td>255 kr<\/td>\n<\/tr>\n<tr>\n<td>Chokladt\u00e5rta\u00a0med chokladmousse mellan bottnar<\/td>\n<td>255 kr<\/td>\n<\/tr>\n<tr>\n<td>Carl-Gustavt\u00e5rta med frukt<\/td>\n<td>255 kr<\/td>\n<\/tr>\n<tr>\n<td>Gr\u00e4ddt\u00e5rta med frukt<\/td>\n<td>255 kr<\/td>\n<\/tr>\n<tr>\n<td>Fruktpaj (hallon, \u00e4pple) m.vaniljs\u00e5s<\/td>\n<td>255 kr<\/td>\n<\/tr>\n<tr>\n<td>Citronpaj (cheesecake)<\/td>\n<td>285 kr<\/td>\n<\/tr>\n<tr>\n<td>Mar\u00e4ngt\u00e5rta med ljus kr\u00e4m och b\u00e4r<\/td>\n<td>285 kr<\/td>\n<\/tr>\n<tr>\n<td>Schwartzwaldt\u00e5rta med n\u00f6tbotten<\/td>\n<td>305 kr<\/td>\n<\/tr>\n<tr>\n<td>N\u00f6tt\u00e5rta &#8211; succ\u00e9 med ljus kr\u00e4m<\/td>\n<td>305 kr<\/td>\n<\/tr>\n<tr>\n<td>N\u00f6tt\u00e5rta &#8211; chokladkr\u00e4m &amp; rostade n\u00f6tter<\/td>\n<td>305 kr<\/td>\n<\/tr>\n<tr>\n<td>Passionsmousset\u00e5rta med chokladbotten<\/td>\n<td>325 kr<\/td>\n<\/tr>\n<tr>\n<td>Hallonmousset\u00e5rta med chokladbotten<\/td>\n<td>325 kr<\/td>\n<\/tr>\n<tr>\n<td>Morotst\u00e5rta<\/td>\n<td>285 kr<\/td>\n<\/tr>\n<tr>\n<td>Toscat\u00e5rta<\/td>\n<td>285 kr<\/td>\n<\/tr>\n<tr>\n<td>Sm\u00f6rg\u00e5st\u00e5rta (lax och r\u00e4kor)<\/td>\n<td>85 kr\/person<\/td>\n<\/tr>\n<tr>\n<td>Sm\u00f6rg\u00e5st\u00e5rta (skinka och r\u00e4kor)<\/td>\n<td>85 kr\/person<\/td>\n<\/tr>\n<tr>\n<td>Sm\u00f6rg\u00e5st\u00e5rta vegetarisk med ost<\/td>\n<td>85 kr\/person<\/td>\n<\/tr>\n<tr>\n<td>Rundg\u00e5ng med lax, skinka, r\u00e4kor, ost<\/td>\n<td>105 kr\/person<\/td>\n<\/tr>\n<\/tbody>\n<\/table>\n<div id=\"moms\">\n<p><em>Moms ing\u00e5r i alla priser. Samtliga priser \u00e4r per person om ej annat anges.<\/em><\/p>\n<\/div>\n\n\n<p><\/p>\n","protected":false},"excerpt":{"rendered":"<p>T\u00e5rtorna har 12-14 bitar om ej annat anges. \u00a0 \u00a0 \u00a0 \u00a0 \u00a0 \u00a0 \u00a0 \u00a0 \u00a0 \u00a0 \u00a0 Pris per t\u00e5rta. Prinsesst\u00e5rta med hallonsylt 255 kr Student \/Dop\/F\u00f6delsedag m. namn\u00a0Prinsesst\u00e5rta 285 kr Chokladt\u00e5rta med chokladkr\u00e4m och gr\u00e4ddsk\u00e5l 255 kr &hellip; <a href=\"https:\/\/www.adamsberg.com\/?page_id=42\">Forts\u00e4tt l\u00e4sa <span class=\"meta-nav\">&rarr;<\/span><\/a><\/p>\n","protected":false},"author":1,"featured_media":0,"parent":0,"menu_order":0,"comment_status":"closed","ping_status":"open","template":"","meta":{"footnotes":""},"class_list":["post-42","page","type-page","status-publish","hentry"],"_links":{"self":[{"href":"https:\/\/www.adamsberg.com\/index.php?rest_route=\/wp\/v2\/pages\/42","targetHints":{"allow":["GET"]}}],"collection":[{"href":"https:\/\/www.adamsberg.com\/index.php?rest_route=\/wp\/v2\/pages"}],"about":[{"href":"https:\/\/www.adamsberg.com\/index.php?rest_route=\/wp\/v2\/types\/page"}],"author":[{"embeddable":true,"href":"https:\/\/www.adamsberg.com\/index.php?rest_route=\/wp\/v2\/users\/1"}],"replies":[{"embeddable":true,"href":"https:\/\/www.adamsberg.com\/index.php?rest_route=%2Fwp%2Fv2%2Fcomments&post=42"}],"version-history":[{"count":19,"href":"https:\/\/www.adamsberg.com\/index.php?rest_route=\/wp\/v2\/pages\/42\/revisions"}],"predecessor-version":[{"id":333,"href":"https:\/\/www.adamsberg.com\/index.php?rest_route=\/wp\/v2\/pages\/42\/revisions\/333"}],"wp:attachment":[{"href":"https:\/\/www.adamsberg.com\/index.php?rest_route=%2Fwp%2Fv2%2Fmedia&parent=42"}],"curies":[{"name":"wp","href":"https:\/\/api.w.org\/{rel}","templated":true}]}}