{"id":44,"date":"2012-02-13T15:42:18","date_gmt":"2012-02-13T14:42:18","guid":{"rendered":"http:\/\/www.adamsberg.com\/?page_id=44"},"modified":"2020-10-22T13:05:31","modified_gmt":"2020-10-22T12:05:31","slug":"desserter","status":"publish","type":"page","link":"https:\/\/www.adamsberg.com\/?page_id=44","title":{"rendered":"Desserter"},"content":{"rendered":"<table width=\"461\">\n<tbody>\n<tr>\n<td>Passionsmousse i portionskopp<\/td>\n<td>\n<div align=\"right\">70 kr\/person<\/div>\n<\/td>\n<\/tr>\n<tr>\n<td>Hallonmousse i portinskopp<\/td>\n<td>\n<div align=\"right\">70 kr\/person<\/div>\n<\/td>\n<\/tr>\n<tr>\n<td>Chokladmousse i portionskopp<\/td>\n<td>\n<div align=\"right\">70 kr\/person<\/div>\n<\/td>\n<\/tr>\n<tr>\n<td>Fl\u00e4derparfait med flarn<\/td>\n<td>\n<div align=\"right\">70 kr\/person<\/div>\n<\/td>\n<\/tr>\n<tr>\n<td>N\u00f6tparfait med flarn<\/td>\n<td>\n<div align=\"right\">70 kr\/person<\/div>\n<\/td>\n<\/tr>\n<tr>\n<td>Mandel\u00e4ppelkaka med citron och gr\u00e4ddsk\u00e5l<\/td>\n<td>\n<div align=\"right\">70 kr\/person<\/div>\n<\/td>\n<\/tr>\n<tr>\n<td>Vit Princess, Br\u00f6llopst\u00e5rta\/f\u00f6delsedagst\u00e5rta med namn<\/td>\n<td>\n<div align=\"right\">\u00a0 \u00a0 \u00a0 \u00a070 kr\/person<\/div>\n<\/td>\n<\/tr>\n<\/tbody>\n<\/table>\n<p><em>Moms ing\u00e5r i alla priser. Samtliga priser \u00e4r per person om ej annat anges.<\/em><\/p>\n","protected":false},"excerpt":{"rendered":"<p>Passionsmousse i portionskopp 70 kr\/person Hallonmousse i portinskopp 70 kr\/person Chokladmousse i portionskopp 70 kr\/person Fl\u00e4derparfait med flarn 70 kr\/person N\u00f6tparfait med flarn 70 kr\/person Mandel\u00e4ppelkaka med citron och gr\u00e4ddsk\u00e5l 70 kr\/person Vit Princess, Br\u00f6llopst\u00e5rta\/f\u00f6delsedagst\u00e5rta med namn \u00a0 \u00a0 \u00a0 &hellip; <a href=\"https:\/\/www.adamsberg.com\/?page_id=44\">Forts\u00e4tt l\u00e4sa <span class=\"meta-nav\">&rarr;<\/span><\/a><\/p>\n","protected":false},"author":1,"featured_media":0,"parent":0,"menu_order":0,"comment_status":"closed","ping_status":"open","template":"","meta":{"footnotes":""},"class_list":["post-44","page","type-page","status-publish","hentry"],"_links":{"self":[{"href":"https:\/\/www.adamsberg.com\/index.php?rest_route=\/wp\/v2\/pages\/44","targetHints":{"allow":["GET"]}}],"collection":[{"href":"https:\/\/www.adamsberg.com\/index.php?rest_route=\/wp\/v2\/pages"}],"about":[{"href":"https:\/\/www.adamsberg.com\/index.php?rest_route=\/wp\/v2\/types\/page"}],"author":[{"embeddable":true,"href":"https:\/\/www.adamsberg.com\/index.php?rest_route=\/wp\/v2\/users\/1"}],"replies":[{"embeddable":true,"href":"https:\/\/www.adamsberg.com\/index.php?rest_route=%2Fwp%2Fv2%2Fcomments&post=44"}],"version-history":[{"count":6,"href":"https:\/\/www.adamsberg.com\/index.php?rest_route=\/wp\/v2\/pages\/44\/revisions"}],"predecessor-version":[{"id":283,"href":"https:\/\/www.adamsberg.com\/index.php?rest_route=\/wp\/v2\/pages\/44\/revisions\/283"}],"wp:attachment":[{"href":"https:\/\/www.adamsberg.com\/index.php?rest_route=%2Fwp%2Fv2%2Fmedia&parent=44"}],"curies":[{"name":"wp","href":"https:\/\/api.w.org\/{rel}","templated":true}]}}