{"id":52,"date":"2012-02-13T15:44:55","date_gmt":"2012-02-13T14:44:55","guid":{"rendered":"http:\/\/www.adamsberg.com\/?page_id=52"},"modified":"2014-11-20T13:06:21","modified_gmt":"2014-11-20T12:06:21","slug":"porslin","status":"publish","type":"page","link":"https:\/\/www.adamsberg.com\/?page_id=52","title":{"rendered":"Porslinsuthyrning"},"content":{"rendered":"<p>Vi har glas- och porslinsuthyrning f\u00f6r upp till 150 personer.<\/p>\n<p>N\u00e4r du best\u00e4ller mat fr\u00e5n oss ing\u00e5r alltid uppl\u00e4ggningsfat. Beh\u00f6ver du d\u00e4remot bestick, glas, porslin till buff\u00e9n eller varmr\u00e4tten, kaffegods mm, kan du hyra detta av oss.<\/p>\n<p>&nbsp;<\/p>\n<h2>Priser<\/h2>\n<table width=\"461\">\n<tbody>\n<tr>\n<td>Glas &#8211; champagne, vatten, vin, avec, snaps, \u00f6l<\/td>\n<td>\n<div align=\"right\">4 kr\/st<\/div>\n<\/td>\n<\/tr>\n<tr>\n<td>Tallrikar &#8211; mat, f\u00f6rr\u00e4tts, efterr\u00e4tts, t\u00e5rt, djup<\/td>\n<td>\n<div align=\"right\">4 kr\/st<\/div>\n<\/td>\n<\/tr>\n<tr>\n<td>Bestick &#8211; kniv, gaffel, sked, efterr\u00e4ttssked och gaffel<\/td>\n<td>\n<div align=\"right\">1,50 kr\/st<\/div>\n<\/td>\n<\/tr>\n<tr>\n<td>Kaffegods &#8211; kopp med fat och kaffesked<\/td>\n<td>\n<div align=\"right\">5 kr\/st<\/div>\n<\/td>\n<\/tr>\n<tr>\n<td>Kaffemugg och kaffesked<\/td>\n<td>\n<div align=\"right\">4 kr\/st<\/div>\n<\/td>\n<\/tr>\n<\/tbody>\n<\/table>\n<p>&nbsp;<\/p>\n<blockquote><p>Alla vet vi hur sk\u00f6nt det \u00e4r att slippa disken efter\u00e5t.<\/p><\/blockquote>\n<div id=\"moms\">\n<p><em>Moms ing\u00e5r i alla priser. Samtliga priser \u00e4r per person om ej annat anges.<\/em><\/p>\n<\/div>\n","protected":false},"excerpt":{"rendered":"<p>Vi har glas- och porslinsuthyrning f\u00f6r upp till 150 personer. N\u00e4r du best\u00e4ller mat fr\u00e5n oss ing\u00e5r alltid uppl\u00e4ggningsfat. Beh\u00f6ver du d\u00e4remot bestick, glas, porslin till buff\u00e9n eller varmr\u00e4tten, kaffegods mm, kan du hyra detta av oss. &nbsp; Priser Glas &hellip; <a href=\"https:\/\/www.adamsberg.com\/?page_id=52\">Forts\u00e4tt l\u00e4sa <span class=\"meta-nav\">&rarr;<\/span><\/a><\/p>\n","protected":false},"author":1,"featured_media":0,"parent":0,"menu_order":0,"comment_status":"closed","ping_status":"open","template":"","meta":{"footnotes":""},"class_list":["post-52","page","type-page","status-publish","hentry"],"_links":{"self":[{"href":"https:\/\/www.adamsberg.com\/index.php?rest_route=\/wp\/v2\/pages\/52","targetHints":{"allow":["GET"]}}],"collection":[{"href":"https:\/\/www.adamsberg.com\/index.php?rest_route=\/wp\/v2\/pages"}],"about":[{"href":"https:\/\/www.adamsberg.com\/index.php?rest_route=\/wp\/v2\/types\/page"}],"author":[{"embeddable":true,"href":"https:\/\/www.adamsberg.com\/index.php?rest_route=\/wp\/v2\/users\/1"}],"replies":[{"embeddable":true,"href":"https:\/\/www.adamsberg.com\/index.php?rest_route=%2Fwp%2Fv2%2Fcomments&post=52"}],"version-history":[{"count":5,"href":"https:\/\/www.adamsberg.com\/index.php?rest_route=\/wp\/v2\/pages\/52\/revisions"}],"predecessor-version":[{"id":209,"href":"https:\/\/www.adamsberg.com\/index.php?rest_route=\/wp\/v2\/pages\/52\/revisions\/209"}],"wp:attachment":[{"href":"https:\/\/www.adamsberg.com\/index.php?rest_route=%2Fwp%2Fv2%2Fmedia&parent=52"}],"curies":[{"name":"wp","href":"https:\/\/api.w.org\/{rel}","templated":true}]}}