{"id":56,"date":"2012-02-13T15:46:53","date_gmt":"2012-02-13T14:46:53","guid":{"rendered":"http:\/\/www.adamsberg.com\/?page_id=56"},"modified":"2014-11-20T13:05:01","modified_gmt":"2014-11-20T12:05:01","slug":"serveringdukning","status":"publish","type":"page","link":"https:\/\/www.adamsberg.com\/?page_id=56","title":{"rendered":"Servering &#038; dukning"},"content":{"rendered":"<p><a href=\"http:\/\/www.adamsberg.com\/wp-content\/uploads\/2012\/02\/festlokal.jpg\"><img loading=\"lazy\" decoding=\"async\" class=\"alignnone size-medium wp-image-160\" src=\"http:\/\/www.adamsberg.com\/wp-content\/uploads\/2012\/02\/festlokal-300x200.jpg\" alt=\"festlokal\" width=\"300\" height=\"200\" srcset=\"https:\/\/www.adamsberg.com\/wp-content\/uploads\/2012\/02\/festlokal-300x200.jpg 300w, https:\/\/www.adamsberg.com\/wp-content\/uploads\/2012\/02\/festlokal.jpg 349w\" sizes=\"auto, (max-width: 300px) 100vw, 300px\" \/><\/a><\/p>\n<table border=\"0\" width=\"90%\" cellspacing=\"0\" cellpadding=\"5\" bgcolor=\"#ffcccc\">\n<tbody>\n<tr>\n<td>\n<div>Service under m\u00e5ltiden<\/div>\n<\/td>\n<\/tr>\n<\/tbody>\n<\/table>\n<table cellspacing=\"0\" cellpadding=\"0\">\n<tbody>\n<tr>\n<td>Vi st\u00e4ller upp maten och fyller p\u00e5 faten under m\u00e5ltiden<\/td>\n<td>\n<div align=\"right\">40\u00a0kr\/pers<\/div>\n<\/td>\n<\/tr>\n<tr>\n<td width=\"379\">Den varma maten levererar vi i v\u00e4rmebackar<\/td>\n<td width=\"99\">\n<div align=\"right\"><\/div>\n<\/td>\n<\/tr>\n<tr>\n<td>Den kalla maten f\u00f6rvaras i kyltransporten<\/td>\n<td>\n<div align=\"right\"><\/div>\n<\/td>\n<\/tr>\n<tr>\n<td>Dukning enligt \u00f6verenskommelse<\/td>\n<td>\n<div align=\"right\"><\/div>\n<\/td>\n<\/tr>\n<\/tbody>\n<\/table>\n<p><em>Moms ing\u00e5r i alla priser. Samtliga priser \u00e4r per person om ej annat anges.<\/em><\/p>\n<p><a href=\"http:\/\/www.adamsberg.com\/wp-content\/uploads\/2012\/02\/trappa.jpg\"><img loading=\"lazy\" decoding=\"async\" class=\"alignnone size-medium wp-image-163\" src=\"http:\/\/www.adamsberg.com\/wp-content\/uploads\/2012\/02\/trappa-300x200.jpg\" alt=\"trappa\" width=\"300\" height=\"200\" srcset=\"https:\/\/www.adamsberg.com\/wp-content\/uploads\/2012\/02\/trappa-300x200.jpg 300w, https:\/\/www.adamsberg.com\/wp-content\/uploads\/2012\/02\/trappa.jpg 349w\" sizes=\"auto, (max-width: 300px) 100vw, 300px\" \/><\/a><\/p>\n","protected":false},"excerpt":{"rendered":"<p>Service under m\u00e5ltiden Vi st\u00e4ller upp maten och fyller p\u00e5 faten under m\u00e5ltiden 40\u00a0kr\/pers Den varma maten levererar vi i v\u00e4rmebackar Den kalla maten f\u00f6rvaras i kyltransporten Dukning enligt \u00f6verenskommelse Moms ing\u00e5r i alla priser. Samtliga priser \u00e4r per person &hellip; <a href=\"https:\/\/www.adamsberg.com\/?page_id=56\">Forts\u00e4tt l\u00e4sa <span class=\"meta-nav\">&rarr;<\/span><\/a><\/p>\n","protected":false},"author":1,"featured_media":0,"parent":0,"menu_order":0,"comment_status":"closed","ping_status":"open","template":"","meta":{"footnotes":""},"class_list":["post-56","page","type-page","status-publish","hentry"],"_links":{"self":[{"href":"https:\/\/www.adamsberg.com\/index.php?rest_route=\/wp\/v2\/pages\/56","targetHints":{"allow":["GET"]}}],"collection":[{"href":"https:\/\/www.adamsberg.com\/index.php?rest_route=\/wp\/v2\/pages"}],"about":[{"href":"https:\/\/www.adamsberg.com\/index.php?rest_route=\/wp\/v2\/types\/page"}],"author":[{"embeddable":true,"href":"https:\/\/www.adamsberg.com\/index.php?rest_route=\/wp\/v2\/users\/1"}],"replies":[{"embeddable":true,"href":"https:\/\/www.adamsberg.com\/index.php?rest_route=%2Fwp%2Fv2%2Fcomments&post=56"}],"version-history":[{"count":7,"href":"https:\/\/www.adamsberg.com\/index.php?rest_route=\/wp\/v2\/pages\/56\/revisions"}],"predecessor-version":[{"id":208,"href":"https:\/\/www.adamsberg.com\/index.php?rest_route=\/wp\/v2\/pages\/56\/revisions\/208"}],"wp:attachment":[{"href":"https:\/\/www.adamsberg.com\/index.php?rest_route=%2Fwp%2Fv2%2Fmedia&parent=56"}],"curies":[{"name":"wp","href":"https:\/\/api.w.org\/{rel}","templated":true}]}}